{"id":6951,"date":"2021-11-26T12:04:07","date_gmt":"2021-11-26T11:04:07","guid":{"rendered":"https:\/\/labs212.pl\/polityka-prywatnosci\/"},"modified":"2022-06-29T12:14:26","modified_gmt":"2022-06-29T10:14:26","slug":"privacy-policy","status":"publish","type":"page","link":"https:\/\/labs212.com\/en\/privacy-policy\/","title":{"rendered":"Privacy Policy"},"content":{"rendered":"\n<p>The Policy applies to the users of www.labs212.pl website. This Policy lays down the principles for collecting and using the data you provide directly or which are collected through cookies and similar technologies.<\/p>\n\n\n\n<p>Data Controller and contact information.<br><\/p>\n\n\n\n<p>The Controller of the data collected in connection with the use of the Website is LABS212 SP\u00d3\u0141KA Z OGRANICZON\u0104 ODPOWIEDZIALNO\u015aCI\u0104 based in \u0141\u00f3d\u017a tel. 459560063 e-mail sklep@labs212.pl. In matters relating to the processing of your data by the Controller, you can contact us at the above address details.<br><\/p>\n\n\n\n<p><strong>Information that LABS12 Sp. z o.o collects<\/strong><\/p>\n\n\n\n<ol class=\"wp-block-list\"><li>This Website enables you to contact the Controller and provide them with your identification<br>and contact details, as well as details related to your message.<\/li><li>The Controller collects data related to your activity, such as time spent on the site, search<br>terms, number of pages viewed, date and source of the visit.<\/li><\/ol>\n\n\n\n<p><strong>Data sources<\/strong><\/p>\n\n\n\n<ol class=\"wp-block-list\"><li>If you have contacted the Controller, your data have been provided to us directly from you.<\/li><li>If your data have been provided in connection with the processing of the specific case by the<br>person who referred that case to the Controller, the source of the data is that person. In such a<br>case, the Controller receives identification, address and case-related data, such as a description<br>of the case.<\/li><\/ol>\n\n\n\n<p>The purpose and legal basis for the personal data processing.<br><\/p>\n\n\n\n<p><strong>Your data may be processed to<\/strong><\/p>\n\n\n\n<ol class=\"wp-block-list\"><li>Analyse network traffic, ensure Website security and adapt its content to users&#8217; needs<br>based on the legitimate interest pursued by the Controller (Article 6(1)(f) GDPR);<\/li><li>Provide answers to your questions, forward the requested offer and run correspondence<br>to finalise the case at issue based on your consent and the legitimate interest pursued by<br>the Controller involving the fulfilment of users\u2019 requests (Article 6(1)(a) and (f) GDPR).<br><\/li><\/ol>\n\n\n\n<p><strong>The right to withdraw your consent<\/strong><\/p>\n\n\n\n<p><br>You may withdraw your consent to the processing of your contact data at any time by contacting<br>the Controller. If you withdraw your consent, it may be difficult or impossible for us to contact you.<\/p>\n\n\n\n<p><\/p>\n\n\n\n<p><strong>Mandatory or voluntary provision of data<\/strong><\/p>\n\n\n\n<ol class=\"wp-block-list\"><li>The provision of data to process your case is voluntary but necessary. If you do not provide<br>the data, it may be difficult or impossible to handle the case.<\/li><li>The provision of data necessary for the statistical analysis of users of the Website is voluntary.<br>You may use the so-called incognito mode to browse the Website without providing the<br>Controller with information about your visit. When in incognito mode, which means that you do<br>not provide your data, you can still use the Website.<\/li><\/ol>\n\n\n\n<p><strong>Rights under GDPR concerning the processed data<\/strong><br><br>You have the right to:<br><br>\u25cf request access to and a copy of your data from the Controller (Article 15 GDPR);<br>\u25cf request the Controller to rectify or correct your data when you notice that the data is<br>inaccurate or incomplete (Article 16 GDPR);<br>\u25cf request the Controller to erase your data (Article 17 GDPR);<br>\u25cf request the Controller to restrict processing (Article 18 GDPR), e.g. if you notice that your<br>data is incorrect, you can request that we restrict the processing of your data for a period<br>that allows us to verify the correctness of the data;<br>\u25cf lodge a complaint about the processing of your personal data by the Controller to the<br>President of the Personal Data Protection Office.<\/p>\n\n\n\n<p><strong>Recipients of your personal data<\/strong><br><br>The recipients of your personal data may only be entities that are authorised to receive them<br>under the law. Your data may also be made available to couriers, postal operators, hosting and<br>mail server providers and warehouse staff.<br>Storage limitation<\/p>\n\n\n\n<p>Your personal data will be stored until you withdraw your consent or until your case has been<br>finalised, and thereafter until the expiry of the limitation period for claims by the parties relating to<br>the processing of your case.<br><\/p>\n\n\n\n<p>Network traffic analysis data collected through cookies and similar technologies may be stored<br>until the cookie expires. Some cookies never expire and therefore the data will be stored as long<br>as it is necessary for the Controller to achieve the purposes of data collection, such as ensuring<br>security and analysing historical data related to website traffic.<\/p>\n\n\n\n<p><strong><br>Transfer of data to a third country or international organisation<br>Use of cookies and similar technologies<\/strong><\/p>\n\n\n\n<p><br>The Website allows the collection of information about the user through cookies and similar<br>technologies, the use of which usually involves the installation of this tool on the user&#8217;s device<br>(computer, smartphone, etc.). This information is used to remember user decisions (contrast<br>colour settings or font size, policy acceptance), maintain user sessions (e.g. after logging in),<br>remember passwords (upon your consent), and collect information about the user&#8217;s device and<br>their visit for security purposes, and to analyse visits and adapt the content accordingly.<\/p>\n\n\n\n<p><br>Information obtained through cookies and similar technologies is not linked to other data of the<br>Website users and is not used to identify them by the Controller.<\/p>\n\n\n\n<p><br>You have an option to set your browser to block certain types of cookies and other technologies,<br>for example, by specifying that only those necessary for the correct display of the website will be<br>allowed. By default, most browsers allow all cookies, but you can change these settings at any<br>time and delete any cookies already installed. Each browser allows this through one of the<br>options available in the settings or preferences.<\/p>\n\n\n\n<p><br>You also have the option to use the website in the so-called incognito mode, which blocks the<br>collection of data about your visit.<\/p>\n\n\n\n<p><br>If you use the Website without changing your browser settings, i.e. with the default acceptance of<br>cookies and similar technologies, you consent to their use for the purposes specified above. The<br>Controller will not use the information obtained for marketing purposes.<\/p>\n","protected":false},"excerpt":{"rendered":"The Policy applies to the users of www.labs212.pl website. This Policy lays down the principles for collecting and using the data you provide directly or which are collected through cookies and similar technologies. Data Controller and contact information. The Controller of the data collected in connection with the use of the Website is LABS212 SP\u00d3\u0141KA [&hellip;]","protected":false},"author":1,"featured_media":0,"parent":0,"menu_order":0,"comment_status":"closed","ping_status":"open","template":"page-text.php","meta":{"_acf_changed":false,"footnotes":""},"class_list":["post-6951","page","type-page","status-publish","hentry"],"acf":[],"yoast_head":"<!-- This site is optimized with the Yoast SEO Premium plugin v27.4 (Yoast SEO v27.4) - https:\/\/yoast.com\/product\/yoast-seo-premium-wordpress\/ -->\n<title>Privacy Policy - LABS212\u00ae - Suplementy diety<\/title>\n<meta name=\"robots\" content=\"index, follow, max-snippet:-1, max-image-preview:large, max-video-preview:-1\" \/>\n<link rel=\"canonical\" href=\"https:\/\/labs212.com\/en\/privacy-policy\/\" \/>\n<meta property=\"og:locale\" content=\"en_US\" \/>\n<meta property=\"og:type\" content=\"article\" \/>\n<meta property=\"og:title\" content=\"Privacy Policy\" \/>\n<meta property=\"og:description\" content=\"The Policy applies to the users of www.labs212.pl website. This Policy lays down the principles for collecting and using the data you provide directly or which are collected through cookies and similar technologies. Data Controller and contact information. The Controller of the data collected in connection with the use of the Website is LABS212 SP\u00d3\u0141KA [&hellip;]\" \/>\n<meta property=\"og:url\" content=\"https:\/\/labs212.com\/en\/privacy-policy\/\" \/>\n<meta property=\"og:site_name\" content=\"LABS212\u00ae - Suplementy diety\" \/>\n<meta property=\"article:publisher\" content=\"https:\/\/www.facebook.com\/labs212\" \/>\n<meta property=\"article:modified_time\" content=\"2022-06-29T10:14:26+00:00\" \/>\n<meta property=\"og:image\" content=\"https:\/\/i0.wp.com\/labs212.com\/wp-content\/uploads\/2025\/05\/labs-sm.png?fit=1920%2C1080&ssl=1\" \/>\n\t<meta property=\"og:image:width\" content=\"1920\" \/>\n\t<meta property=\"og:image:height\" content=\"1080\" \/>\n\t<meta property=\"og:image:type\" content=\"image\/png\" \/>\n<meta name=\"twitter:card\" content=\"summary_large_image\" \/>\n<meta name=\"twitter:label1\" content=\"Est. reading time\" \/>\n\t<meta name=\"twitter:data1\" content=\"6 minutes\" \/>\n<script type=\"application\/ld+json\" class=\"yoast-schema-graph\">{\"@context\":\"https:\\\/\\\/schema.org\",\"@graph\":[{\"@type\":\"WebPage\",\"@id\":\"https:\\\/\\\/labs212.com\\\/en\\\/privacy-policy\\\/\",\"url\":\"https:\\\/\\\/labs212.com\\\/en\\\/privacy-policy\\\/\",\"name\":\"Privacy Policy - LABS212\u00ae - Suplementy diety\",\"isPartOf\":{\"@id\":\"https:\\\/\\\/labs212.com\\\/en\\\/#website\"},\"datePublished\":\"2021-11-26T11:04:07+00:00\",\"dateModified\":\"2022-06-29T10:14:26+00:00\",\"breadcrumb\":{\"@id\":\"https:\\\/\\\/labs212.com\\\/en\\\/privacy-policy\\\/#breadcrumb\"},\"inLanguage\":\"en-US\",\"potentialAction\":[{\"@type\":\"ReadAction\",\"target\":[\"https:\\\/\\\/labs212.com\\\/en\\\/privacy-policy\\\/\"]}]},{\"@type\":\"BreadcrumbList\",\"@id\":\"https:\\\/\\\/labs212.com\\\/en\\\/privacy-policy\\\/#breadcrumb\",\"itemListElement\":[{\"@type\":\"ListItem\",\"position\":1,\"name\":\"Strona g\u0142\u00f3wna\",\"item\":\"https:\\\/\\\/labs212.com\\\/en\\\/\"},{\"@type\":\"ListItem\",\"position\":2,\"name\":\"Privacy Policy\"}]},{\"@type\":\"WebSite\",\"@id\":\"https:\\\/\\\/labs212.com\\\/en\\\/#website\",\"url\":\"https:\\\/\\\/labs212.com\\\/en\\\/\",\"name\":\"LABS212\u00ae - Suplementy diety\",\"description\":\"Suplementy diety\",\"publisher\":{\"@id\":\"https:\\\/\\\/labs212.com\\\/en\\\/#organization\"},\"potentialAction\":[{\"@type\":\"SearchAction\",\"target\":{\"@type\":\"EntryPoint\",\"urlTemplate\":\"https:\\\/\\\/labs212.com\\\/en\\\/?s={search_term_string}\"},\"query-input\":{\"@type\":\"PropertyValueSpecification\",\"valueRequired\":true,\"valueName\":\"search_term_string\"}}],\"inLanguage\":\"en-US\"},{\"@type\":\"Organization\",\"@id\":\"https:\\\/\\\/labs212.com\\\/en\\\/#organization\",\"name\":\"LABS212\",\"url\":\"https:\\\/\\\/labs212.com\\\/en\\\/\",\"logo\":{\"@type\":\"ImageObject\",\"inLanguage\":\"en-US\",\"@id\":\"https:\\\/\\\/labs212.com\\\/en\\\/#\\\/schema\\\/logo\\\/image\\\/\",\"url\":\"https:\\\/\\\/labs212.com\\\/wp-content\\\/uploads\\\/2024\\\/06\\\/logo-labs@2x.png\",\"contentUrl\":\"https:\\\/\\\/labs212.com\\\/wp-content\\\/uploads\\\/2024\\\/06\\\/logo-labs@2x.png\",\"width\":172,\"height\":34,\"caption\":\"LABS212\"},\"image\":{\"@id\":\"https:\\\/\\\/labs212.com\\\/en\\\/#\\\/schema\\\/logo\\\/image\\\/\"},\"sameAs\":[\"https:\\\/\\\/www.facebook.com\\\/labs212\"],\"email\":\"sklep@labs212.pl\",\"telephone\":\"+48 459 560 063\",\"vatID\":\"9562360518\",\"hasMerchantReturnPolicy\":{\"@type\":\"MerchantReturnPolicy\",\"merchantReturnLink\":\"https:\\\/\\\/labs212.com\\\/regulamin\\\/\"}}]}<\/script>\n<!-- \/ Yoast SEO Premium plugin. -->","yoast_head_json":{"title":"Privacy Policy - LABS212\u00ae - Suplementy diety","robots":{"index":"index","follow":"follow","max-snippet":"max-snippet:-1","max-image-preview":"max-image-preview:large","max-video-preview":"max-video-preview:-1"},"canonical":"https:\/\/labs212.com\/en\/privacy-policy\/","og_locale":"en_US","og_type":"article","og_title":"Privacy Policy","og_description":"The Policy applies to the users of www.labs212.pl website. This Policy lays down the principles for collecting and using the data you provide directly or which are collected through cookies and similar technologies. Data Controller and contact information. The Controller of the data collected in connection with the use of the Website is LABS212 SP\u00d3\u0141KA [&hellip;]","og_url":"https:\/\/labs212.com\/en\/privacy-policy\/","og_site_name":"LABS212\u00ae - Suplementy diety","article_publisher":"https:\/\/www.facebook.com\/labs212","article_modified_time":"2022-06-29T10:14:26+00:00","og_image":[{"width":1920,"height":1080,"url":"https:\/\/i0.wp.com\/labs212.com\/wp-content\/uploads\/2025\/05\/labs-sm.png?fit=1920%2C1080&ssl=1","type":"image\/png"}],"twitter_card":"summary_large_image","twitter_misc":{"Est. reading time":"6 minutes"},"schema":{"@context":"https:\/\/schema.org","@graph":[{"@type":"WebPage","@id":"https:\/\/labs212.com\/en\/privacy-policy\/","url":"https:\/\/labs212.com\/en\/privacy-policy\/","name":"Privacy Policy - LABS212\u00ae - Suplementy diety","isPartOf":{"@id":"https:\/\/labs212.com\/en\/#website"},"datePublished":"2021-11-26T11:04:07+00:00","dateModified":"2022-06-29T10:14:26+00:00","breadcrumb":{"@id":"https:\/\/labs212.com\/en\/privacy-policy\/#breadcrumb"},"inLanguage":"en-US","potentialAction":[{"@type":"ReadAction","target":["https:\/\/labs212.com\/en\/privacy-policy\/"]}]},{"@type":"BreadcrumbList","@id":"https:\/\/labs212.com\/en\/privacy-policy\/#breadcrumb","itemListElement":[{"@type":"ListItem","position":1,"name":"Strona g\u0142\u00f3wna","item":"https:\/\/labs212.com\/en\/"},{"@type":"ListItem","position":2,"name":"Privacy Policy"}]},{"@type":"WebSite","@id":"https:\/\/labs212.com\/en\/#website","url":"https:\/\/labs212.com\/en\/","name":"LABS212\u00ae - Suplementy diety","description":"Suplementy diety","publisher":{"@id":"https:\/\/labs212.com\/en\/#organization"},"potentialAction":[{"@type":"SearchAction","target":{"@type":"EntryPoint","urlTemplate":"https:\/\/labs212.com\/en\/?s={search_term_string}"},"query-input":{"@type":"PropertyValueSpecification","valueRequired":true,"valueName":"search_term_string"}}],"inLanguage":"en-US"},{"@type":"Organization","@id":"https:\/\/labs212.com\/en\/#organization","name":"LABS212","url":"https:\/\/labs212.com\/en\/","logo":{"@type":"ImageObject","inLanguage":"en-US","@id":"https:\/\/labs212.com\/en\/#\/schema\/logo\/image\/","url":"https:\/\/labs212.com\/wp-content\/uploads\/2024\/06\/logo-labs@2x.png","contentUrl":"https:\/\/labs212.com\/wp-content\/uploads\/2024\/06\/logo-labs@2x.png","width":172,"height":34,"caption":"LABS212"},"image":{"@id":"https:\/\/labs212.com\/en\/#\/schema\/logo\/image\/"},"sameAs":["https:\/\/www.facebook.com\/labs212"],"email":"sklep@labs212.pl","telephone":"+48 459 560 063","vatID":"9562360518","hasMerchantReturnPolicy":{"@type":"MerchantReturnPolicy","merchantReturnLink":"https:\/\/labs212.com\/regulamin\/"}}]}},"jetpack_shortlink":"https:\/\/wp.me\/PdOd4w-1O7","jetpack_sharing_enabled":true,"_links":{"self":[{"href":"https:\/\/labs212.com\/en\/wp-json\/wp\/v2\/pages\/6951","targetHints":{"allow":["GET"]}}],"collection":[{"href":"https:\/\/labs212.com\/en\/wp-json\/wp\/v2\/pages"}],"about":[{"href":"https:\/\/labs212.com\/en\/wp-json\/wp\/v2\/types\/page"}],"author":[{"embeddable":true,"href":"https:\/\/labs212.com\/en\/wp-json\/wp\/v2\/users\/1"}],"replies":[{"embeddable":true,"href":"https:\/\/labs212.com\/en\/wp-json\/wp\/v2\/comments?post=6951"}],"version-history":[{"count":1,"href":"https:\/\/labs212.com\/en\/wp-json\/wp\/v2\/pages\/6951\/revisions"}],"predecessor-version":[{"id":6956,"href":"https:\/\/labs212.com\/en\/wp-json\/wp\/v2\/pages\/6951\/revisions\/6956"}],"wp:attachment":[{"href":"https:\/\/labs212.com\/en\/wp-json\/wp\/v2\/media?parent=6951"}],"curies":[{"name":"wp","href":"https:\/\/api.w.org\/{rel}","templated":true}]}}