{"id":80804,"date":"2024-04-22T11:56:44","date_gmt":"2024-04-22T09:56:44","guid":{"rendered":"https:\/\/labs212.com\/produkty\/uncategorized\/magnesium-l-threonate\/"},"modified":"2026-02-24T20:13:05","modified_gmt":"2026-02-24T19:13:05","slug":"magnesium-l-threonate","status":"publish","type":"product","link":"https:\/\/labs212.com\/en\/produkty\/dietary-supplements\/magnesium-l-threonate\/","title":{"rendered":"Magnesium L-Threonate Magtein\u00ae"},"content":{"rendered":"","protected":false},"excerpt":{"rendered":"Support for memory and concentration, increased energy levels. The only patented form of magnesium on the market that effectively crosses the blood-brain barrier","protected":false},"featured_media":96080,"comment_status":"open","ping_status":"closed","template":"","meta":{"_acf_changed":true},"product_brand":[],"product_cat":[232,285,395,236,396],"product_tag":[682,342,683,684,685],"class_list":{"0":"post-80804","1":"product","2":"type-product","3":"status-publish","4":"has-post-thumbnail","6":"product_cat-dietary-supplements","7":"product_cat-minerals","8":"product_cat-targeted-preparations","9":"product_cat-brain-focus","10":"product_cat-specialised-products","11":"product_tag-bariera-krew-mozg-en","12":"product_tag-magnez-en","13":"product_tag-treonian-en","14":"product_tag-treonian-magnezu-en","15":"product_tag-treonina-en","17":"first","18":"instock","19":"taxable","20":"shipping-taxable","21":"purchasable","22":"product-type-simple"},"acf":[],"yoast_head":"<!-- This site is optimized with the Yoast SEO Premium plugin v25.1 (Yoast SEO v27.2) - https:\/\/yoast.com\/product\/yoast-seo-premium-wordpress\/ -->\n<title>Magnesium L-Threonate Magtein\u00ae - LABS212\u00ae - Suplementy diety<\/title>\n<meta name=\"description\" content=\"Magtein\u00ae (L-treonian magnezu) \u2013 poprawia pami\u0119\u0107, koncentracj\u0119 i redukuje stres. Magnez dla m\u00f3zgu. Najlepsza forma magnezu dla m\u00f3zgu, potwierdzona badaniami!\" \/>\n<meta name=\"robots\" content=\"index, follow, max-snippet:-1, max-image-preview:large, max-video-preview:-1\" \/>\n<link rel=\"canonical\" href=\"https:\/\/labs212.com\/en\/produkty\/dietary-supplements\/magnesium-l-threonate\/\" \/>\n<meta property=\"og:locale\" content=\"en_US\" \/>\n<meta property=\"og:type\" content=\"article\" \/>\n<meta property=\"og:title\" content=\"Magnesium L-Threonate Magtein\u00ae\" \/>\n<meta property=\"og:description\" content=\"Magtein\u00ae (L-treonian magnezu) \u2013 poprawia pami\u0119\u0107, koncentracj\u0119 i redukuje stres. Magnez dla m\u00f3zgu. Najlepsza forma magnezu dla m\u00f3zgu, potwierdzona badaniami!\" \/>\n<meta property=\"og:url\" content=\"https:\/\/labs212.com\/en\/produkty\/dietary-supplements\/magnesium-l-threonate\/\" \/>\n<meta property=\"og:site_name\" content=\"LABS212\u00ae - Suplementy diety\" \/>\n<meta property=\"article:publisher\" content=\"https:\/\/www.facebook.com\/labs212\" \/>\n<meta property=\"article:modified_time\" content=\"2026-02-24T19:13:05+00:00\" \/>\n<meta property=\"og:image\" content=\"https:\/\/labs212.com\/wp-content\/uploads\/2024\/04\/Magtein-strona-produktowa.png\" \/>\n\t<meta property=\"og:image:width\" content=\"1844\" \/>\n\t<meta property=\"og:image:height\" content=\"1000\" \/>\n\t<meta property=\"og:image:type\" content=\"image\/png\" \/>\n<meta name=\"twitter:card\" content=\"summary_large_image\" \/>\n<meta name=\"twitter:label1\" content=\"Price\" \/>\n\t<meta name=\"twitter:data1\" content=\"159,99&nbsp;&#122;&#322;\" \/>\n\t<meta name=\"twitter:label2\" content=\"Availability\" \/>\n\t<meta name=\"twitter:data2\" content=\"In stock\" \/>\n<script type=\"application\/ld+json\" class=\"yoast-schema-graph\">{\"@context\":\"https:\/\/schema.org\",\"@graph\":[{\"@type\":\"WebPage\",\"@id\":\"https:\/\/labs212.com\/en\/produkty\/dietary-supplements\/magnesium-l-threonate\/\",\"url\":\"https:\/\/labs212.com\/en\/produkty\/dietary-supplements\/magnesium-l-threonate\/\",\"name\":\"Magnesium L-Threonate Magtein\u00ae - LABS212\u00ae - Suplementy diety\",\"isPartOf\":{\"@id\":\"https:\/\/labs212.com\/en\/#website\"},\"primaryImageOfPage\":{\"@id\":\"https:\/\/labs212.com\/en\/produkty\/dietary-supplements\/magnesium-l-threonate\/#primaryimage\"},\"image\":{\"@id\":\"https:\/\/labs212.com\/en\/produkty\/dietary-supplements\/magnesium-l-threonate\/#primaryimage\"},\"thumbnailUrl\":\"https:\/\/i0.wp.com\/labs212.com\/wp-content\/uploads\/2024\/04\/Magtein-strona-produktowa.png?fit=1844%2C1000&ssl=1\",\"datePublished\":\"2024-04-22T09:56:44+00:00\",\"dateModified\":\"2026-02-24T19:13:05+00:00\",\"description\":\"Magtein\u00ae (L-treonian magnezu) \u2013 poprawia pami\u0119\u0107, koncentracj\u0119 i redukuje stres. Magnez dla m\u00f3zgu. Najlepsza forma magnezu dla m\u00f3zgu, potwierdzona badaniami!\",\"breadcrumb\":{\"@id\":\"https:\/\/labs212.com\/en\/produkty\/dietary-supplements\/magnesium-l-threonate\/#breadcrumb\"},\"inLanguage\":\"en-US\",\"potentialAction\":[{\"@type\":\"ReadAction\",\"target\":[\"https:\/\/labs212.com\/en\/produkty\/dietary-supplements\/magnesium-l-threonate\/\"]}]},{\"@type\":\"ImageObject\",\"inLanguage\":\"en-US\",\"@id\":\"https:\/\/labs212.com\/en\/produkty\/dietary-supplements\/magnesium-l-threonate\/#primaryimage\",\"url\":\"https:\/\/i0.wp.com\/labs212.com\/wp-content\/uploads\/2024\/04\/Magtein-strona-produktowa.png?fit=1844%2C1000&ssl=1\",\"contentUrl\":\"https:\/\/i0.wp.com\/labs212.com\/wp-content\/uploads\/2024\/04\/Magtein-strona-produktowa.png?fit=1844%2C1000&ssl=1\",\"width\":1844,\"height\":1000},{\"@type\":\"BreadcrumbList\",\"@id\":\"https:\/\/labs212.com\/en\/produkty\/dietary-supplements\/magnesium-l-threonate\/#breadcrumb\",\"itemListElement\":[{\"@type\":\"ListItem\",\"position\":1,\"name\":\"Strona g\u0142\u00f3wna\",\"item\":\"https:\/\/labs212.com\/en\/\"},{\"@type\":\"ListItem\",\"position\":2,\"name\":\"Shop\",\"item\":\"https:\/\/labs212.com\/en\/shop\/\"},{\"@type\":\"ListItem\",\"position\":3,\"name\":\"Magnesium L-Threonate Magtein\u00ae\"}]},{\"@type\":\"WebSite\",\"@id\":\"https:\/\/labs212.com\/en\/#website\",\"url\":\"https:\/\/labs212.com\/en\/\",\"name\":\"LABS212\u00ae - Suplementy diety\",\"description\":\"Suplementy diety\",\"publisher\":{\"@id\":\"https:\/\/labs212.com\/en\/#organization\"},\"potentialAction\":[{\"@type\":\"SearchAction\",\"target\":{\"@type\":\"EntryPoint\",\"urlTemplate\":\"https:\/\/labs212.com\/en\/?s={search_term_string}\"},\"query-input\":{\"@type\":\"PropertyValueSpecification\",\"valueRequired\":true,\"valueName\":\"search_term_string\"}}],\"inLanguage\":\"en-US\"},{\"@type\":\"Organization\",\"@id\":\"https:\/\/labs212.com\/en\/#organization\",\"name\":\"LABS212\",\"url\":\"https:\/\/labs212.com\/en\/\",\"logo\":{\"@type\":\"ImageObject\",\"inLanguage\":\"en-US\",\"@id\":\"https:\/\/labs212.com\/en\/#\/schema\/logo\/image\/\",\"url\":\"https:\/\/i0.wp.com\/labs212.com\/wp-content\/uploads\/2024\/06\/logo-labs%402x.png?fit=172%2C34&ssl=1\",\"contentUrl\":\"https:\/\/i0.wp.com\/labs212.com\/wp-content\/uploads\/2024\/06\/logo-labs%402x.png?fit=172%2C34&ssl=1\",\"width\":172,\"height\":34,\"caption\":\"LABS212\"},\"image\":{\"@id\":\"https:\/\/labs212.com\/en\/#\/schema\/logo\/image\/\"},\"sameAs\":[\"https:\/\/www.facebook.com\/labs212\"],\"email\":\"sklep@labs212.pl\",\"telephone\":\"+48 459 560 063\",\"vatID\":\"9562360518\"}]}<\/script>\n<meta property=\"product:price:amount\" content=\"159.99\" \/>\n<meta property=\"product:price:currency\" content=\"PLN\" \/>\n<meta property=\"og:availability\" content=\"instock\" \/>\n<meta property=\"product:availability\" content=\"instock\" \/>\n<meta property=\"product:retailer_item_id\" content=\"301-2\" \/>\n<meta property=\"product:condition\" content=\"new\" \/>\n<!-- \/ Yoast SEO Premium plugin. -->","yoast_head_json":{"title":"Magnesium L-Threonate Magtein\u00ae - LABS212\u00ae - Suplementy diety","description":"Magtein\u00ae (L-treonian magnezu) \u2013 poprawia pami\u0119\u0107, koncentracj\u0119 i redukuje stres. Magnez dla m\u00f3zgu. Najlepsza forma magnezu dla m\u00f3zgu, potwierdzona badaniami!","robots":{"index":"index","follow":"follow","max-snippet":"max-snippet:-1","max-image-preview":"max-image-preview:large","max-video-preview":"max-video-preview:-1"},"canonical":"https:\/\/labs212.com\/en\/produkty\/dietary-supplements\/magnesium-l-threonate\/","og_locale":"en_US","og_type":"article","og_title":"Magnesium L-Threonate Magtein\u00ae","og_description":"Magtein\u00ae (L-treonian magnezu) \u2013 poprawia pami\u0119\u0107, koncentracj\u0119 i redukuje stres. Magnez dla m\u00f3zgu. Najlepsza forma magnezu dla m\u00f3zgu, potwierdzona badaniami!","og_url":"https:\/\/labs212.com\/en\/produkty\/dietary-supplements\/magnesium-l-threonate\/","og_site_name":"LABS212\u00ae - Suplementy diety","article_publisher":"https:\/\/www.facebook.com\/labs212","article_modified_time":"2026-02-24T19:13:05+00:00","og_image":[{"width":1844,"height":1000,"url":"https:\/\/labs212.com\/wp-content\/uploads\/2024\/04\/Magtein-strona-produktowa.png","type":"image\/png"}],"twitter_card":"summary_large_image","twitter_misc":{"Price":"159,99&nbsp;&#122;&#322;","Availability":"In stock"},"schema":{"@context":"https:\/\/schema.org","@graph":[{"@type":"WebPage","@id":"https:\/\/labs212.com\/en\/produkty\/dietary-supplements\/magnesium-l-threonate\/","url":"https:\/\/labs212.com\/en\/produkty\/dietary-supplements\/magnesium-l-threonate\/","name":"Magnesium L-Threonate Magtein\u00ae - LABS212\u00ae - Suplementy diety","isPartOf":{"@id":"https:\/\/labs212.com\/en\/#website"},"primaryImageOfPage":{"@id":"https:\/\/labs212.com\/en\/produkty\/dietary-supplements\/magnesium-l-threonate\/#primaryimage"},"image":{"@id":"https:\/\/labs212.com\/en\/produkty\/dietary-supplements\/magnesium-l-threonate\/#primaryimage"},"thumbnailUrl":"https:\/\/i0.wp.com\/labs212.com\/wp-content\/uploads\/2024\/04\/Magtein-strona-produktowa.png?fit=1844%2C1000&ssl=1","datePublished":"2024-04-22T09:56:44+00:00","dateModified":"2026-02-24T19:13:05+00:00","description":"Magtein\u00ae (L-treonian magnezu) \u2013 poprawia pami\u0119\u0107, koncentracj\u0119 i redukuje stres. Magnez dla m\u00f3zgu. Najlepsza forma magnezu dla m\u00f3zgu, potwierdzona badaniami!","breadcrumb":{"@id":"https:\/\/labs212.com\/en\/produkty\/dietary-supplements\/magnesium-l-threonate\/#breadcrumb"},"inLanguage":"en-US","potentialAction":[{"@type":"ReadAction","target":["https:\/\/labs212.com\/en\/produkty\/dietary-supplements\/magnesium-l-threonate\/"]}]},{"@type":"ImageObject","inLanguage":"en-US","@id":"https:\/\/labs212.com\/en\/produkty\/dietary-supplements\/magnesium-l-threonate\/#primaryimage","url":"https:\/\/i0.wp.com\/labs212.com\/wp-content\/uploads\/2024\/04\/Magtein-strona-produktowa.png?fit=1844%2C1000&ssl=1","contentUrl":"https:\/\/i0.wp.com\/labs212.com\/wp-content\/uploads\/2024\/04\/Magtein-strona-produktowa.png?fit=1844%2C1000&ssl=1","width":1844,"height":1000},{"@type":"BreadcrumbList","@id":"https:\/\/labs212.com\/en\/produkty\/dietary-supplements\/magnesium-l-threonate\/#breadcrumb","itemListElement":[{"@type":"ListItem","position":1,"name":"Strona g\u0142\u00f3wna","item":"https:\/\/labs212.com\/en\/"},{"@type":"ListItem","position":2,"name":"Shop","item":"https:\/\/labs212.com\/en\/shop\/"},{"@type":"ListItem","position":3,"name":"Magnesium L-Threonate Magtein\u00ae"}]},{"@type":"WebSite","@id":"https:\/\/labs212.com\/en\/#website","url":"https:\/\/labs212.com\/en\/","name":"LABS212\u00ae - Suplementy diety","description":"Suplementy diety","publisher":{"@id":"https:\/\/labs212.com\/en\/#organization"},"potentialAction":[{"@type":"SearchAction","target":{"@type":"EntryPoint","urlTemplate":"https:\/\/labs212.com\/en\/?s={search_term_string}"},"query-input":{"@type":"PropertyValueSpecification","valueRequired":true,"valueName":"search_term_string"}}],"inLanguage":"en-US"},{"@type":"Organization","@id":"https:\/\/labs212.com\/en\/#organization","name":"LABS212","url":"https:\/\/labs212.com\/en\/","logo":{"@type":"ImageObject","inLanguage":"en-US","@id":"https:\/\/labs212.com\/en\/#\/schema\/logo\/image\/","url":"https:\/\/i0.wp.com\/labs212.com\/wp-content\/uploads\/2024\/06\/logo-labs%402x.png?fit=172%2C34&ssl=1","contentUrl":"https:\/\/i0.wp.com\/labs212.com\/wp-content\/uploads\/2024\/06\/logo-labs%402x.png?fit=172%2C34&ssl=1","width":172,"height":34,"caption":"LABS212"},"image":{"@id":"https:\/\/labs212.com\/en\/#\/schema\/logo\/image\/"},"sameAs":["https:\/\/www.facebook.com\/labs212"],"email":"sklep@labs212.pl","telephone":"+48 459 560 063","vatID":"9562360518"}]},"product_price_amount":"159.99","product_price_currency":"PLN","og_availability":"instock","product_availability":"instock","product_retailer_item_id":"301-2","product_condition":"new"},"jetpack_sharing_enabled":true,"tiered_pricing_type":"fixed","tiered_pricing_fixed_rules":[],"tiered_pricing_product_settings":{"layout":"default","base_unit_name":{"singular":null,"plural":null},"default_variation":null},"tiered_pricing_minimum_quantity":null,"tiered_pricing_roles_data":[],"tiered_pricing_percentage_rules":[],"_links":{"self":[{"href":"https:\/\/labs212.com\/en\/wp-json\/wp\/v2\/product\/80804","targetHints":{"allow":["GET"]}}],"collection":[{"href":"https:\/\/labs212.com\/en\/wp-json\/wp\/v2\/product"}],"about":[{"href":"https:\/\/labs212.com\/en\/wp-json\/wp\/v2\/types\/product"}],"replies":[{"embeddable":true,"href":"https:\/\/labs212.com\/en\/wp-json\/wp\/v2\/comments?post=80804"}],"wp:featuredmedia":[{"embeddable":true,"href":"https:\/\/labs212.com\/en\/wp-json\/wp\/v2\/media\/96080"}],"wp:attachment":[{"href":"https:\/\/labs212.com\/en\/wp-json\/wp\/v2\/media?parent=80804"}],"wp:term":[{"taxonomy":"product_brand","embeddable":true,"href":"https:\/\/labs212.com\/en\/wp-json\/wp\/v2\/product_brand?post=80804"},{"taxonomy":"product_cat","embeddable":true,"href":"https:\/\/labs212.com\/en\/wp-json\/wp\/v2\/product_cat?post=80804"},{"taxonomy":"product_tag","embeddable":true,"href":"https:\/\/labs212.com\/en\/wp-json\/wp\/v2\/product_tag?post=80804"}],"curies":[{"name":"wp","href":"https:\/\/api.w.org\/{rel}","templated":true}]}}