{"id":98031,"date":"2022-02-24T10:31:29","date_gmt":"2022-02-24T09:31:29","guid":{"rendered":"https:\/\/labs212.com\/produkty\/uncategorized\/l-leucine-b1-b3-60-2\/"},"modified":"2026-02-17T14:57:03","modified_gmt":"2026-02-17T13:57:03","slug":"l-leucine-b1-b3-60-2","status":"publish","type":"product","link":"https:\/\/labs212.com\/en\/produkty\/dietary-supplements\/l-leucine-b1-b3-60-2\/","title":{"rendered":"L-Leucine B1 B3"},"content":{"rendered":"","protected":false},"excerpt":{"rendered":"<span style=\"font-weight: 400;\">Wsparcie prawid\u0142owego dzia\u0142ania uk\u0142adu nerwowego. Wysoce wch\u0142anialna forma B1: kokarboksylaza.<\/span>","protected":false},"featured_media":96491,"comment_status":"open","ping_status":"closed","template":"","meta":{"_acf_changed":true},"product_brand":[],"product_cat":[284,236,232,235],"product_tag":[291,242,246,248,251,252,357,358,263,293,359],"class_list":{"0":"post-98031","1":"product","2":"type-product","3":"status-publish","4":"has-post-thumbnail","6":"product_cat-amino-acids","7":"product_cat-brain-focus","8":"product_cat-dietary-supplements","9":"product_cat-vitamins","10":"product_tag-b1-en","11":"product_tag-b3-en","12":"product_tag-chlorek-pirofosforanu-tiaminy-en","13":"product_tag-coenzymated-cocarboxylase-en","14":"product_tag-kokarboksylaza-en","15":"product_tag-kwas-nikotynowy-en","16":"product_tag-l-leucine-en","17":"product_tag-leucyna-en","18":"product_tag-tiamina-en","19":"product_tag-witamina-b1-en","20":"product_tag-witamina-b3-en","22":"first","23":"instock","24":"taxable","25":"shipping-taxable","26":"purchasable","27":"product-type-simple"},"acf":[],"yoast_head":"<!-- This site is optimized with the Yoast SEO Premium plugin v25.1 (Yoast SEO v27.4) - https:\/\/yoast.com\/product\/yoast-seo-premium-wordpress\/ -->\n<title>L-Leucine B1 B3 - LABS212\u00ae - Suplementy diety<\/title>\n<meta name=\"description\" content=\"Suplement diety L-Leucine B1 B3 to preparat w postaci kapsu\u0142ki zawieraj\u0105cy leucyn\u0119 po\u0142\u0105czon\u0105 z dwoma formami witaminy B1 oraz z kwasem nikotynowym B3.\" \/>\n<meta name=\"robots\" content=\"index, follow, max-snippet:-1, max-image-preview:large, max-video-preview:-1\" \/>\n<link rel=\"canonical\" href=\"https:\/\/labs212.com\/en\/produkty\/dietary-supplements\/l-leucine-b1-b3-60-2\/\" \/>\n<meta property=\"og:locale\" content=\"en_US\" \/>\n<meta property=\"og:type\" content=\"article\" \/>\n<meta property=\"og:title\" content=\"L-Leucine B1 B3\" \/>\n<meta property=\"og:description\" content=\"Suplement diety L-Leucine B1 B3 to preparat w postaci kapsu\u0142ki zawieraj\u0105cy leucyn\u0119 po\u0142\u0105czon\u0105 z dwoma formami witaminy B1 oraz z kwasem nikotynowym B3.\" \/>\n<meta property=\"og:url\" content=\"https:\/\/labs212.com\/en\/produkty\/dietary-supplements\/l-leucine-b1-b3-60-2\/\" \/>\n<meta property=\"og:site_name\" content=\"LABS212\u00ae - Suplementy diety\" \/>\n<meta property=\"article:publisher\" content=\"https:\/\/www.facebook.com\/labs212\" \/>\n<meta property=\"article:modified_time\" content=\"2026-02-17T13:57:03+00:00\" \/>\n<meta property=\"og:image\" content=\"https:\/\/labs212.com\/wp-content\/uploads\/2022\/02\/Leucine-karta-produktowa-2.png\" \/>\n\t<meta property=\"og:image:width\" content=\"1844\" \/>\n\t<meta property=\"og:image:height\" content=\"1000\" \/>\n\t<meta property=\"og:image:type\" content=\"image\/png\" \/>\n<meta name=\"twitter:card\" content=\"summary_large_image\" \/>\n<meta name=\"twitter:label1\" content=\"Price\" \/>\n\t<meta name=\"twitter:data1\" content=\"89,99&nbsp;&#122;&#322;\" \/>\n\t<meta name=\"twitter:label2\" content=\"Availability\" \/>\n\t<meta name=\"twitter:data2\" content=\"In stock\" \/>\n<script type=\"application\/ld+json\" class=\"yoast-schema-graph\">{\"@context\":\"https:\\\/\\\/schema.org\",\"@graph\":[{\"@type\":\"WebPage\",\"@id\":\"https:\\\/\\\/labs212.com\\\/en\\\/produkty\\\/dietary-supplements\\\/l-leucine-b1-b3-60-2\\\/\",\"url\":\"https:\\\/\\\/labs212.com\\\/en\\\/produkty\\\/dietary-supplements\\\/l-leucine-b1-b3-60-2\\\/\",\"name\":\"L-Leucine B1 B3 - LABS212\u00ae - Suplementy diety\",\"isPartOf\":{\"@id\":\"https:\\\/\\\/labs212.com\\\/en\\\/#website\"},\"primaryImageOfPage\":{\"@id\":\"https:\\\/\\\/labs212.com\\\/en\\\/produkty\\\/dietary-supplements\\\/l-leucine-b1-b3-60-2\\\/#primaryimage\"},\"image\":{\"@id\":\"https:\\\/\\\/labs212.com\\\/en\\\/produkty\\\/dietary-supplements\\\/l-leucine-b1-b3-60-2\\\/#primaryimage\"},\"thumbnailUrl\":\"https:\\\/\\\/i0.wp.com\\\/labs212.com\\\/wp-content\\\/uploads\\\/2022\\\/02\\\/Leucine-karta-produktowa-2.png?fit=1844%2C1000&ssl=1\",\"datePublished\":\"2022-02-24T09:31:29+00:00\",\"dateModified\":\"2026-02-17T13:57:03+00:00\",\"description\":\"Suplement diety L-Leucine B1 B3 to preparat w postaci kapsu\u0142ki zawieraj\u0105cy leucyn\u0119 po\u0142\u0105czon\u0105 z dwoma formami witaminy B1 oraz z kwasem nikotynowym B3.\",\"breadcrumb\":{\"@id\":\"https:\\\/\\\/labs212.com\\\/en\\\/produkty\\\/dietary-supplements\\\/l-leucine-b1-b3-60-2\\\/#breadcrumb\"},\"inLanguage\":\"en-US\",\"potentialAction\":[{\"@type\":\"ReadAction\",\"target\":[\"https:\\\/\\\/labs212.com\\\/en\\\/produkty\\\/dietary-supplements\\\/l-leucine-b1-b3-60-2\\\/\"]}]},{\"@type\":\"ImageObject\",\"inLanguage\":\"en-US\",\"@id\":\"https:\\\/\\\/labs212.com\\\/en\\\/produkty\\\/dietary-supplements\\\/l-leucine-b1-b3-60-2\\\/#primaryimage\",\"url\":\"https:\\\/\\\/i0.wp.com\\\/labs212.com\\\/wp-content\\\/uploads\\\/2022\\\/02\\\/Leucine-karta-produktowa-2.png?fit=1844%2C1000&ssl=1\",\"contentUrl\":\"https:\\\/\\\/i0.wp.com\\\/labs212.com\\\/wp-content\\\/uploads\\\/2022\\\/02\\\/Leucine-karta-produktowa-2.png?fit=1844%2C1000&ssl=1\",\"width\":1844,\"height\":1000},{\"@type\":\"BreadcrumbList\",\"@id\":\"https:\\\/\\\/labs212.com\\\/en\\\/produkty\\\/dietary-supplements\\\/l-leucine-b1-b3-60-2\\\/#breadcrumb\",\"itemListElement\":[{\"@type\":\"ListItem\",\"position\":1,\"name\":\"Strona g\u0142\u00f3wna\",\"item\":\"https:\\\/\\\/labs212.com\\\/en\\\/\"},{\"@type\":\"ListItem\",\"position\":2,\"name\":\"Shop\",\"item\":\"https:\\\/\\\/labs212.com\\\/en\\\/shop\\\/\"},{\"@type\":\"ListItem\",\"position\":3,\"name\":\"L-Leucine B1 B3\"}]},{\"@type\":\"WebSite\",\"@id\":\"https:\\\/\\\/labs212.com\\\/en\\\/#website\",\"url\":\"https:\\\/\\\/labs212.com\\\/en\\\/\",\"name\":\"LABS212\u00ae - Suplementy diety\",\"description\":\"Suplementy diety\",\"publisher\":{\"@id\":\"https:\\\/\\\/labs212.com\\\/en\\\/#organization\"},\"potentialAction\":[{\"@type\":\"SearchAction\",\"target\":{\"@type\":\"EntryPoint\",\"urlTemplate\":\"https:\\\/\\\/labs212.com\\\/en\\\/?s={search_term_string}\"},\"query-input\":{\"@type\":\"PropertyValueSpecification\",\"valueRequired\":true,\"valueName\":\"search_term_string\"}}],\"inLanguage\":\"en-US\"},{\"@type\":\"Organization\",\"@id\":\"https:\\\/\\\/labs212.com\\\/en\\\/#organization\",\"name\":\"LABS212\",\"url\":\"https:\\\/\\\/labs212.com\\\/en\\\/\",\"logo\":{\"@type\":\"ImageObject\",\"inLanguage\":\"en-US\",\"@id\":\"https:\\\/\\\/labs212.com\\\/en\\\/#\\\/schema\\\/logo\\\/image\\\/\",\"url\":\"https:\\\/\\\/labs212.com\\\/wp-content\\\/uploads\\\/2024\\\/06\\\/logo-labs@2x.png\",\"contentUrl\":\"https:\\\/\\\/labs212.com\\\/wp-content\\\/uploads\\\/2024\\\/06\\\/logo-labs@2x.png\",\"width\":172,\"height\":34,\"caption\":\"LABS212\"},\"image\":{\"@id\":\"https:\\\/\\\/labs212.com\\\/en\\\/#\\\/schema\\\/logo\\\/image\\\/\"},\"sameAs\":[\"https:\\\/\\\/www.facebook.com\\\/labs212\"],\"email\":\"sklep@labs212.pl\",\"telephone\":\"+48 459 560 063\",\"vatID\":\"9562360518\",\"hasMerchantReturnPolicy\":{\"@type\":\"MerchantReturnPolicy\",\"merchantReturnLink\":\"https:\\\/\\\/labs212.com\\\/regulamin\\\/\"}}]}<\/script>\n<meta property=\"product:price:amount\" content=\"89.99\" \/>\n<meta property=\"product:price:currency\" content=\"PLN\" \/>\n<meta property=\"og:availability\" content=\"instock\" \/>\n<meta property=\"product:availability\" content=\"instock\" \/>\n<meta property=\"product:retailer_item_id\" content=\"701-9\" \/>\n<meta property=\"product:condition\" content=\"new\" \/>\n<!-- \/ Yoast SEO Premium plugin. -->","yoast_head_json":{"title":"L-Leucine B1 B3 - LABS212\u00ae - Suplementy diety","description":"Suplement diety L-Leucine B1 B3 to preparat w postaci kapsu\u0142ki zawieraj\u0105cy leucyn\u0119 po\u0142\u0105czon\u0105 z dwoma formami witaminy B1 oraz z kwasem nikotynowym B3.","robots":{"index":"index","follow":"follow","max-snippet":"max-snippet:-1","max-image-preview":"max-image-preview:large","max-video-preview":"max-video-preview:-1"},"canonical":"https:\/\/labs212.com\/en\/produkty\/dietary-supplements\/l-leucine-b1-b3-60-2\/","og_locale":"en_US","og_type":"article","og_title":"L-Leucine B1 B3","og_description":"Suplement diety L-Leucine B1 B3 to preparat w postaci kapsu\u0142ki zawieraj\u0105cy leucyn\u0119 po\u0142\u0105czon\u0105 z dwoma formami witaminy B1 oraz z kwasem nikotynowym B3.","og_url":"https:\/\/labs212.com\/en\/produkty\/dietary-supplements\/l-leucine-b1-b3-60-2\/","og_site_name":"LABS212\u00ae - Suplementy diety","article_publisher":"https:\/\/www.facebook.com\/labs212","article_modified_time":"2026-02-17T13:57:03+00:00","og_image":[{"width":1844,"height":1000,"url":"https:\/\/labs212.com\/wp-content\/uploads\/2022\/02\/Leucine-karta-produktowa-2.png","type":"image\/png"}],"twitter_card":"summary_large_image","twitter_misc":{"Price":"89,99&nbsp;&#122;&#322;","Availability":"In stock"},"schema":{"@context":"https:\/\/schema.org","@graph":[{"@type":"WebPage","@id":"https:\/\/labs212.com\/en\/produkty\/dietary-supplements\/l-leucine-b1-b3-60-2\/","url":"https:\/\/labs212.com\/en\/produkty\/dietary-supplements\/l-leucine-b1-b3-60-2\/","name":"L-Leucine B1 B3 - LABS212\u00ae - Suplementy diety","isPartOf":{"@id":"https:\/\/labs212.com\/en\/#website"},"primaryImageOfPage":{"@id":"https:\/\/labs212.com\/en\/produkty\/dietary-supplements\/l-leucine-b1-b3-60-2\/#primaryimage"},"image":{"@id":"https:\/\/labs212.com\/en\/produkty\/dietary-supplements\/l-leucine-b1-b3-60-2\/#primaryimage"},"thumbnailUrl":"https:\/\/i0.wp.com\/labs212.com\/wp-content\/uploads\/2022\/02\/Leucine-karta-produktowa-2.png?fit=1844%2C1000&ssl=1","datePublished":"2022-02-24T09:31:29+00:00","dateModified":"2026-02-17T13:57:03+00:00","description":"Suplement diety L-Leucine B1 B3 to preparat w postaci kapsu\u0142ki zawieraj\u0105cy leucyn\u0119 po\u0142\u0105czon\u0105 z dwoma formami witaminy B1 oraz z kwasem nikotynowym B3.","breadcrumb":{"@id":"https:\/\/labs212.com\/en\/produkty\/dietary-supplements\/l-leucine-b1-b3-60-2\/#breadcrumb"},"inLanguage":"en-US","potentialAction":[{"@type":"ReadAction","target":["https:\/\/labs212.com\/en\/produkty\/dietary-supplements\/l-leucine-b1-b3-60-2\/"]}]},{"@type":"ImageObject","inLanguage":"en-US","@id":"https:\/\/labs212.com\/en\/produkty\/dietary-supplements\/l-leucine-b1-b3-60-2\/#primaryimage","url":"https:\/\/i0.wp.com\/labs212.com\/wp-content\/uploads\/2022\/02\/Leucine-karta-produktowa-2.png?fit=1844%2C1000&ssl=1","contentUrl":"https:\/\/i0.wp.com\/labs212.com\/wp-content\/uploads\/2022\/02\/Leucine-karta-produktowa-2.png?fit=1844%2C1000&ssl=1","width":1844,"height":1000},{"@type":"BreadcrumbList","@id":"https:\/\/labs212.com\/en\/produkty\/dietary-supplements\/l-leucine-b1-b3-60-2\/#breadcrumb","itemListElement":[{"@type":"ListItem","position":1,"name":"Strona g\u0142\u00f3wna","item":"https:\/\/labs212.com\/en\/"},{"@type":"ListItem","position":2,"name":"Shop","item":"https:\/\/labs212.com\/en\/shop\/"},{"@type":"ListItem","position":3,"name":"L-Leucine B1 B3"}]},{"@type":"WebSite","@id":"https:\/\/labs212.com\/en\/#website","url":"https:\/\/labs212.com\/en\/","name":"LABS212\u00ae - Suplementy diety","description":"Suplementy diety","publisher":{"@id":"https:\/\/labs212.com\/en\/#organization"},"potentialAction":[{"@type":"SearchAction","target":{"@type":"EntryPoint","urlTemplate":"https:\/\/labs212.com\/en\/?s={search_term_string}"},"query-input":{"@type":"PropertyValueSpecification","valueRequired":true,"valueName":"search_term_string"}}],"inLanguage":"en-US"},{"@type":"Organization","@id":"https:\/\/labs212.com\/en\/#organization","name":"LABS212","url":"https:\/\/labs212.com\/en\/","logo":{"@type":"ImageObject","inLanguage":"en-US","@id":"https:\/\/labs212.com\/en\/#\/schema\/logo\/image\/","url":"https:\/\/labs212.com\/wp-content\/uploads\/2024\/06\/logo-labs@2x.png","contentUrl":"https:\/\/labs212.com\/wp-content\/uploads\/2024\/06\/logo-labs@2x.png","width":172,"height":34,"caption":"LABS212"},"image":{"@id":"https:\/\/labs212.com\/en\/#\/schema\/logo\/image\/"},"sameAs":["https:\/\/www.facebook.com\/labs212"],"email":"sklep@labs212.pl","telephone":"+48 459 560 063","vatID":"9562360518","hasMerchantReturnPolicy":{"@type":"MerchantReturnPolicy","merchantReturnLink":"https:\/\/labs212.com\/regulamin\/"}}]},"product_price_amount":"89.99","product_price_currency":"PLN","og_availability":"instock","product_availability":"instock","product_retailer_item_id":"701-9","product_condition":"new"},"jetpack_sharing_enabled":true,"tiered_pricing_type":"fixed","tiered_pricing_fixed_rules":[],"tiered_pricing_product_settings":{"layout":"default","base_unit_name":{"singular":null,"plural":null},"default_variation":null},"tiered_pricing_minimum_quantity":null,"tiered_pricing_roles_data":[],"tiered_pricing_percentage_rules":[],"_links":{"self":[{"href":"https:\/\/labs212.com\/en\/wp-json\/wp\/v2\/product\/98031","targetHints":{"allow":["GET"]}}],"collection":[{"href":"https:\/\/labs212.com\/en\/wp-json\/wp\/v2\/product"}],"about":[{"href":"https:\/\/labs212.com\/en\/wp-json\/wp\/v2\/types\/product"}],"replies":[{"embeddable":true,"href":"https:\/\/labs212.com\/en\/wp-json\/wp\/v2\/comments?post=98031"}],"wp:featuredmedia":[{"embeddable":true,"href":"https:\/\/labs212.com\/en\/wp-json\/wp\/v2\/media\/96491"}],"wp:attachment":[{"href":"https:\/\/labs212.com\/en\/wp-json\/wp\/v2\/media?parent=98031"}],"wp:term":[{"taxonomy":"product_brand","embeddable":true,"href":"https:\/\/labs212.com\/en\/wp-json\/wp\/v2\/product_brand?post=98031"},{"taxonomy":"product_cat","embeddable":true,"href":"https:\/\/labs212.com\/en\/wp-json\/wp\/v2\/product_cat?post=98031"},{"taxonomy":"product_tag","embeddable":true,"href":"https:\/\/labs212.com\/en\/wp-json\/wp\/v2\/product_tag?post=98031"}],"curies":[{"name":"wp","href":"https:\/\/api.w.org\/{rel}","templated":true}]}}